{"id":2958,"date":"2023-12-25T10:21:16","date_gmt":"2023-12-25T10:21:16","guid":{"rendered":"https:\/\/walkinginyourshoes.gr\/?page_id=2958"},"modified":"2024-08-10T15:05:20","modified_gmt":"2024-08-10T15:05:20","slug":"%ce%b5%ce%bb%ce%bb%ce%b7%ce%bd%ce%b9%ce%ba%cf%8c-%ce%b9%ce%bd%cf%83%cf%84%ce%b9%cf%84%ce%bf%cf%8d%cf%84%ce%bf-wiys","status":"publish","type":"page","link":"https:\/\/walkinginyourshoes.ch\/?page_id=2958","title":{"rendered":"WIYS Institut"},"content":{"rendered":"<p>[vc_row][vc_column][vc_single_image image=&#8221;3934&#8243; img_size=&#8221;full&#8221; alignment=&#8221;center&#8221;][vc_empty_space height=&#8221;40px&#8221;][vc_single_image image=&#8221;3995&#8243; img_size=&#8221;full&#8221; alignment=&#8221;center&#8221;][\/vc_column][\/vc_row][vc_row][vc_column][vc_column_text css=&#8221;.vc_custom_1723301713194{margin-right: 10% !important;margin-left: 10% !important;}&#8221;]<\/p>\n<p align=\"justify\"><span style=\"font-size: medium;\"><span lang=\"de-CH\">Das Walking In Your Shoes\u00ae (WIYS\u00ae) Institut Schweiz ist die offizielle Vertretung des Europ\u00e4ischen Instituts und der lokale, zentrale Ansprechpartner der Methode im Land. Es sorgt daf\u00fcr, dass die Qualit\u00e4t, die Professionalit\u00e4t und die Vertrauensw\u00fcrdigkeit gew\u00e4hrleistet werden und dass die Regeln und die Richtlinien des Europ\u00e4ischen Instituts eingehalten werden. Es dient als zentrale Informationsstelle, an der Veranstaltungen und Angebote in der Schweiz zu finden sind, wo sich anerkannte und zertifizierte Anbieter*innen auflisten k\u00f6nnen damit sie Teilnehmer*innen leicht finden k\u00f6nnen. Seine Aufgabe ist es, die Methode und ihre Anwendung weitreichend bekannt zu machen, die Vernetzung der Anbieter*innen und der Praktizierenden und Ihre Unterst\u00fctzung durch eine Hotline. Die Vertiefung und der Austausch von Erfahrungen. Es k\u00fcmmert sich auch und verfolgt Beschwerden, die \u00fcber Anbieter*innen gemacht werden k\u00f6nnen.<\/span><\/span><\/p>\n<p>[\/vc_column_text][vc_empty_space height=&#8221;28px&#8221;][vc_single_image image=&#8221;3938&#8243; alignment=&#8221;center&#8221; onclick=&#8221;custom_link&#8221; link=&#8221;https:\/\/walkinginyourshoes.ch\/?page_id=2946&#8243;][vc_column_text]<\/p>\n<h4 style=\"text-align: center;\">WIYS Institut Schweiz<\/h4>\n<h5 style=\"text-align: center;\">Yorgos Nassios &#8211; Landesvertretung<\/h5>\n<h6 style=\"text-align: center;\">Adresse: Karl-B\u00fcrkli-Strasse 8, 8004 Z\u00fcrich<br \/>\nHotline: <strong>+41 (0)79-477 60 57<\/strong><\/h6>\n<p>[\/vc_column_text][\/vc_column][\/vc_row][vc_row css=&#8221;.vc_custom_1707043972624{margin-top: 10px !important;}&#8221;][vc_column][vc_empty_space height=&#8221;34px&#8221;][vc_btn title=&#8221;KONTAKT&#8221; color=&#8221;vista-blue&#8221; align=&#8221;center&#8221; link=&#8221;url:https%3A%2F%2Fwalkinginyourshoes.ch%2F%3Fpage_id%3D1093|title:%CE%95%CF%80%CE%B9%CE%BA%CE%BF%CE%B9%CE%BD%CF%89%CE%BD%CE%AF%CE%B1&#8243;][\/vc_column][\/vc_row][vc_row][vc_column][vc_empty_space height=&#8221;28px&#8221;][\/vc_column][\/vc_row]<\/p>\n","protected":false},"excerpt":{"rendered":"<p>[vc_row][vc_column][vc_single_image image=&#8221;3934&#8243; img_size=&#8221;full&#8221; alignment=&#8221;center&#8221;][vc_empty_space height=&#8221;40px&#8221;][vc_single_image image=&#8221;3995&#8243; img_size=&#8221;full&#8221; alignment=&#8221;center&#8221;][\/vc_column][\/vc_row][vc_row][vc_column][vc_column_text css=&#8221;.vc_custom_1723301713194{margin-right: 10% !important;margin-left: 10% !important;}&#8221;] Das Walking In Your Shoes\u00ae (WIYS\u00ae) Institut Schweiz ist die offizielle Vertretung des Europ\u00e4ischen Instituts und der lokale, zentrale Ansprechpartner der Methode im Land. Es sorgt daf\u00fcr, [&hellip;]<\/p>\n","protected":false},"author":2,"featured_media":0,"parent":0,"menu_order":0,"comment_status":"closed","ping_status":"closed","template":"full-width.php","meta":{"_price":"","_stock":"","_tribe_ticket_header":"","_tribe_default_ticket_provider":"","_tribe_ticket_capacity":"0","_ticket_start_date":"","_ticket_end_date":"","_tribe_ticket_show_description":"","_tribe_ticket_show_not_going":false,"_tribe_ticket_use_global_stock":"","_tribe_ticket_global_stock_level":"","_global_stock_mode":"","_global_stock_cap":"","_tribe_rsvp_for_event":"","_tribe_ticket_going_count":"","_tribe_ticket_not_going_count":"","_tribe_tickets_list":"[]","_tribe_ticket_has_attendee_info_fields":false,"footnotes":"","_tec_slr_enabled":"","_tec_slr_layout":""},"class_list":["post-2958","page","type-page","status-publish","hentry"],"yoast_head":"<!-- This site is optimized with the Yoast SEO plugin v26.2 - https:\/\/yoast.com\/wordpress\/plugins\/seo\/ -->\n<title>WIYS Institut - Walking in your shoes<\/title>\n<meta name=\"description\" content=\"Das Walking In Your Shoes\u00ae (WIYS\u00ae) Institut Schweiz ist die offizielle Vertretung des Europ\u00e4ischen Instituts und der lokale, zentrale Ansprechpartner der Methode im Land.\" \/>\n<meta name=\"robots\" content=\"index, follow, max-snippet:-1, max-image-preview:large, max-video-preview:-1\" \/>\n<link rel=\"canonical\" href=\"https:\/\/walkinginyourshoes.ch\/?page_id=2958\" \/>\n<meta property=\"og:locale\" content=\"el_GR\" \/>\n<meta property=\"og:type\" content=\"article\" \/>\n<meta property=\"og:title\" content=\"WIYS Institut - Walking in your shoes\" \/>\n<meta property=\"og:description\" content=\"Das Walking In Your Shoes\u00ae (WIYS\u00ae) Institut Schweiz ist die offizielle Vertretung des Europ\u00e4ischen Instituts und der lokale, zentrale Ansprechpartner der Methode im Land.\" \/>\n<meta property=\"og:url\" content=\"https:\/\/walkinginyourshoes.ch\/?page_id=2958\" \/>\n<meta property=\"og:site_name\" content=\"Walking in your shoes\" \/>\n<meta property=\"article:modified_time\" content=\"2024-08-10T15:05:20+00:00\" \/>\n<meta name=\"twitter:card\" content=\"summary_large_image\" \/>\n<meta name=\"twitter:label1\" content=\"\u0395\u03ba\u03c4\u03b9\u03bc\u03ce\u03bc\u03b5\u03bd\u03bf\u03c2 \u03c7\u03c1\u03cc\u03bd\u03bf\u03c2 \u03b1\u03bd\u03ac\u03b3\u03bd\u03c9\u03c3\u03b7\u03c2\" \/>\n\t<meta name=\"twitter:data1\" content=\"2 \u03bb\u03b5\u03c0\u03c4\u03ac\" \/>\n<script type=\"application\/ld+json\" class=\"yoast-schema-graph\">{\"@context\":\"https:\/\/schema.org\",\"@graph\":[{\"@type\":\"WebPage\",\"@id\":\"https:\/\/walkinginyourshoes.ch\/?page_id=2958\",\"url\":\"https:\/\/walkinginyourshoes.ch\/?page_id=2958\",\"name\":\"WIYS Institut - Walking in your shoes\",\"isPartOf\":{\"@id\":\"https:\/\/walkinginyourshoes.ch\/#website\"},\"datePublished\":\"2023-12-25T10:21:16+00:00\",\"dateModified\":\"2024-08-10T15:05:20+00:00\",\"description\":\"Das Walking In Your Shoes\u00ae (WIYS\u00ae) Institut Schweiz ist die offizielle Vertretung des Europ\u00e4ischen Instituts und der lokale, zentrale Ansprechpartner der Methode im Land.\",\"breadcrumb\":{\"@id\":\"https:\/\/walkinginyourshoes.ch\/?page_id=2958#breadcrumb\"},\"inLanguage\":\"el\",\"potentialAction\":[{\"@type\":\"ReadAction\",\"target\":[\"https:\/\/walkinginyourshoes.ch\/?page_id=2958\"]}]},{\"@type\":\"BreadcrumbList\",\"@id\":\"https:\/\/walkinginyourshoes.ch\/?page_id=2958#breadcrumb\",\"itemListElement\":[{\"@type\":\"ListItem\",\"position\":1,\"name\":\"\u0391\u03c1\u03c7\u03b9\u03ba\u03ae\",\"item\":\"https:\/\/walkinginyourshoes.ch\/\"},{\"@type\":\"ListItem\",\"position\":2,\"name\":\"WIYS Institut\"}]},{\"@type\":\"WebSite\",\"@id\":\"https:\/\/walkinginyourshoes.ch\/#website\",\"url\":\"https:\/\/walkinginyourshoes.ch\/\",\"name\":\"Walking in your shoes\",\"description\":\"ph\u00e4nomenologische Selbsterfahrungsmethode\",\"potentialAction\":[{\"@type\":\"SearchAction\",\"target\":{\"@type\":\"EntryPoint\",\"urlTemplate\":\"https:\/\/walkinginyourshoes.ch\/?s={search_term_string}\"},\"query-input\":{\"@type\":\"PropertyValueSpecification\",\"valueRequired\":true,\"valueName\":\"search_term_string\"}}],\"inLanguage\":\"el\"}]}<\/script>\n<!-- \/ Yoast SEO plugin. -->","yoast_head_json":{"title":"WIYS Institut - Walking in your shoes","description":"Das Walking In Your Shoes\u00ae (WIYS\u00ae) Institut Schweiz ist die offizielle Vertretung des Europ\u00e4ischen Instituts und der lokale, zentrale Ansprechpartner der Methode im Land.","robots":{"index":"index","follow":"follow","max-snippet":"max-snippet:-1","max-image-preview":"max-image-preview:large","max-video-preview":"max-video-preview:-1"},"canonical":"https:\/\/walkinginyourshoes.ch\/?page_id=2958","og_locale":"el_GR","og_type":"article","og_title":"WIYS Institut - Walking in your shoes","og_description":"Das Walking In Your Shoes\u00ae (WIYS\u00ae) Institut Schweiz ist die offizielle Vertretung des Europ\u00e4ischen Instituts und der lokale, zentrale Ansprechpartner der Methode im Land.","og_url":"https:\/\/walkinginyourshoes.ch\/?page_id=2958","og_site_name":"Walking in your shoes","article_modified_time":"2024-08-10T15:05:20+00:00","twitter_card":"summary_large_image","twitter_misc":{"\u0395\u03ba\u03c4\u03b9\u03bc\u03ce\u03bc\u03b5\u03bd\u03bf\u03c2 \u03c7\u03c1\u03cc\u03bd\u03bf\u03c2 \u03b1\u03bd\u03ac\u03b3\u03bd\u03c9\u03c3\u03b7\u03c2":"2 \u03bb\u03b5\u03c0\u03c4\u03ac"},"schema":{"@context":"https:\/\/schema.org","@graph":[{"@type":"WebPage","@id":"https:\/\/walkinginyourshoes.ch\/?page_id=2958","url":"https:\/\/walkinginyourshoes.ch\/?page_id=2958","name":"WIYS Institut - Walking in your shoes","isPartOf":{"@id":"https:\/\/walkinginyourshoes.ch\/#website"},"datePublished":"2023-12-25T10:21:16+00:00","dateModified":"2024-08-10T15:05:20+00:00","description":"Das Walking In Your Shoes\u00ae (WIYS\u00ae) Institut Schweiz ist die offizielle Vertretung des Europ\u00e4ischen Instituts und der lokale, zentrale Ansprechpartner der Methode im Land.","breadcrumb":{"@id":"https:\/\/walkinginyourshoes.ch\/?page_id=2958#breadcrumb"},"inLanguage":"el","potentialAction":[{"@type":"ReadAction","target":["https:\/\/walkinginyourshoes.ch\/?page_id=2958"]}]},{"@type":"BreadcrumbList","@id":"https:\/\/walkinginyourshoes.ch\/?page_id=2958#breadcrumb","itemListElement":[{"@type":"ListItem","position":1,"name":"\u0391\u03c1\u03c7\u03b9\u03ba\u03ae","item":"https:\/\/walkinginyourshoes.ch\/"},{"@type":"ListItem","position":2,"name":"WIYS Institut"}]},{"@type":"WebSite","@id":"https:\/\/walkinginyourshoes.ch\/#website","url":"https:\/\/walkinginyourshoes.ch\/","name":"Walking in your shoes","description":"ph\u00e4nomenologische Selbsterfahrungsmethode","potentialAction":[{"@type":"SearchAction","target":{"@type":"EntryPoint","urlTemplate":"https:\/\/walkinginyourshoes.ch\/?s={search_term_string}"},"query-input":{"@type":"PropertyValueSpecification","valueRequired":true,"valueName":"search_term_string"}}],"inLanguage":"el"}]}},"ticketed":false,"_links":{"self":[{"href":"https:\/\/walkinginyourshoes.ch\/index.php?rest_route=\/wp\/v2\/pages\/2958","targetHints":{"allow":["GET"]}}],"collection":[{"href":"https:\/\/walkinginyourshoes.ch\/index.php?rest_route=\/wp\/v2\/pages"}],"about":[{"href":"https:\/\/walkinginyourshoes.ch\/index.php?rest_route=\/wp\/v2\/types\/page"}],"author":[{"embeddable":true,"href":"https:\/\/walkinginyourshoes.ch\/index.php?rest_route=\/wp\/v2\/users\/2"}],"replies":[{"embeddable":true,"href":"https:\/\/walkinginyourshoes.ch\/index.php?rest_route=%2Fwp%2Fv2%2Fcomments&post=2958"}],"version-history":[{"count":50,"href":"https:\/\/walkinginyourshoes.ch\/index.php?rest_route=\/wp\/v2\/pages\/2958\/revisions"}],"predecessor-version":[{"id":3007,"href":"https:\/\/walkinginyourshoes.ch\/index.php?rest_route=\/wp\/v2\/pages\/2958\/revisions\/3007"}],"wp:attachment":[{"href":"https:\/\/walkinginyourshoes.ch\/index.php?rest_route=%2Fwp%2Fv2%2Fmedia&parent=2958"}],"curies":[{"name":"wp","href":"https:\/\/api.w.org\/{rel}","templated":true}]}}