{"id":2956,"date":"2023-12-25T10:20:37","date_gmt":"2023-12-25T10:20:37","guid":{"rendered":"https:\/\/walkinginyourshoes.gr\/?page_id=2956"},"modified":"2024-08-22T15:09:38","modified_gmt":"2024-08-22T15:09:38","slug":"%cf%80%ce%b9%cf%83%cf%84%ce%bf%cf%80%ce%bf%ce%b9%ce%b7%ce%bc%ce%ad%ce%bd%ce%b7-%ce%b5%ce%ba%cf%80%ce%b1%ce%af%ce%b4%ce%b5%cf%85%cf%83%ce%b7-walking-in-your-shoes","status":"publish","type":"page","link":"https:\/\/walkinginyourshoes.ch\/?page_id=2956","title":{"rendered":"Die Ausbildung Walking In Your Shoes"},"content":{"rendered":"<p>[vc_row][vc_column][vc_single_image image=&#8221;3960&#8243; img_size=&#8221;full&#8221; alignment=&#8221;center&#8221;][vc_empty_space height=&#8221;40px&#8221;][vc_single_image image=&#8221;4007&#8243; img_size=&#8221;full&#8221; alignment=&#8221;center&#8221;][vc_empty_space height=&#8221;20px&#8221;][\/vc_column][\/vc_row][vc_row][vc_column][vc_column_text css=&#8221;.vc_custom_1723455413219{margin-right: 10% !important;margin-left: 10% !important;background-position: center !important;background-repeat: no-repeat !important;background-size: cover !important;}&#8221;]\u2022 M\u00f6chtest du in eine neue Richtung auf deinem Weg, deiner Gesundheit, deinem Leben, deinem Beruf und deiner Entwicklung gehen?<br \/>\n\u2022 M\u00f6chtest du zertifizierte*r Walking In Your Shoes\u00ae Leiter*in werden?<br \/>\n\u2022 M\u00f6chtest du Walking In Your Shoes\u00ae in Gruppen oder in Einzelsitzungen anbieten, entweder eigenst\u00e4ndig oder in Verbindung mit deiner bestehenden Arbeitsmethode?<br \/>\n\u2022 M\u00f6chtest du eine Methode erlernen, die dir neue Felder im Leben und im Beruf er\u00f6ffnen kann?<br \/>\n\u2022 M\u00f6chtest du eine einzigartige Reise der Selbstentdeckung und Selbstkenntnis beginnen?<br \/>\n\u2022 M\u00f6chtest du pers\u00f6nlich Weiterentwickeln?<br \/>\n\u2022 M\u00f6chtest du eine wundervolle Reise zu den universellen Gesetzm\u00e4ssigkeiten erleben?<br \/>\n\u2022 M\u00f6chtest du die Botschaften erkennen, die dein K\u00f6rper und der K\u00f6rper der anderen dir bieten?<br \/>\n\u2022 M\u00f6chtest du den Prozess der Trauma Therapie unterst\u00fctzen?<br \/>\n\u2022 M\u00f6chtest du tiefere Empathie entwickeln?<br \/>\n\u2022 M\u00f6chtest du deiner Intuition und Energie mehr vertrauen?<br \/>\n\u2022 M\u00f6chtest du in den systemischen Ordnungen der Liebe vertiefen?<br \/>\n\u2022 M\u00f6chtest du alte \u00dcberzeugungen, alte Muster, Gewohnheiten und Funktionsweisen, die dir nicht mehr dienen, erkennen und transformieren?<br \/>\n\u2022 M\u00f6chtest du deine Kreativit\u00e4t vertiefen, st\u00e4rken und erweitern?<br \/>\n\u2022 M\u00f6chtest du das, was du bereits hast, bist und tust, auf eine neue, h\u00f6here Ebene bringen?<br \/>\n\u2022 M\u00f6chtest du den n\u00e4chsten Schritt machen?<\/p>\n<h3 style=\"text-align: center;\">Die zertifizierte Walking In Your Shoes\u00ae Ausbildung<\/h3>\n<p>Die zertifizierte Walking In Your Shoes\u00ae Ausbildung ist nicht nur eine umfassende Ausbildung, die den theoretischen Ansatz und vor allem die praktische Erfahrung bei Walken, Leiten und beim Beobachten kombiniert. Sie ist eine Reise. Eine Wanderung. In uns selbst. In die tieferen Ebenen der Seele und des Lebens. Zu den universellen Kr\u00e4ften und Gesetzm\u00e4ssigkeiten. Und zu ihrer Manifestation. In unserer Welt und in unseren Leben. Unser Tor daf\u00fcr sind unser K\u00f6rper, unsere Sinne und Empfindungen.<\/p>\n<p>Die Erfahrungen in den sechs intensiven Ausbildungswochenenden beim \u00dcben und Leiten von Walking In Your Shoes\u00ae schaffen ein starkes Fundament in diesem sehr sensitiven zwischenmenschlichen Prozess, damit du ihn verantwortungsbewusst und respektvoll den Menschen anbieten kannst, die dir vertrauen werden; in deinen eigenen Workshops und in Einzelsitzungen oder in Verbindung mit deiner bisherigen Arbeitsmethode. W\u00e4hrend der einj\u00e4hrigen Grundausbildung profitierst du pers\u00f6nlich auf vielen Ebenen von den Walks, die f\u00fcr deine pers\u00f6nlichen Anliegen gemacht werden, und von deiner Teilnahme als Walker*ir, sowie von der Beobachtung der Walks, die f\u00fcr die anderen Mitglieder der Gruppe gemacht werden. In diesem Jahr arbeiten, \u00fcben und vertiefen wir:[\/vc_column_text][\/vc_column][\/vc_row][vc_row][vc_column][vc_empty_space height=&#8221;44px&#8221;][\/vc_column][\/vc_row][vc_row][vc_column][vc_column_text css=&#8221;.vc_custom_1723455490129{margin-right: 10% !important;margin-left: 10% !important;background-position: center !important;background-repeat: no-repeat !important;background-size: cover !important;}&#8221;]<\/p>\n<p align=\"justify\">&#8211; Die Geschichte und Entwicklung, sowie die theoretischen Grundlagen von Walking In Your Shoes\u00ae<br \/>\n&#8211; Die Kraft und den Wert der Absicht<br \/>\n&#8211; Die verschiedenen Arten von Walks:<\/p>\n<p align=\"justify\"><em>* Das Vorgespr\u00e4ch<\/em><br \/>\n<em>* Einfacher Walk &#8211; Ein*e Walker*in walkt<\/em><br \/>\n<em>* Doppel Walk &#8211; Zwei Walker*innen walken<\/em><br \/>\n<em>* Verdeckter Walk &#8211; Wir wissen nichts \u00fcber das Anliegen<\/em><br \/>\n<em>* Kurzer Walk, 5 Minuten<\/em><br \/>\n<em>* Mini Walk &#8211; zweier Paare, 10 Minuten<\/em><br \/>\n<em>* Systemischer Walk \u2013 Erg\u00e4nzt und bereichert von den Prinzipien und L\u00f6sungen der systemischen Aufstellung<\/em><br \/>\n<em>* Einzel Walk &#8211; Ein*e Leiter*in, der\/die auch walkt<\/em><br \/>\n<em>* Personen Walk<\/em><br \/>\n<em>* Tieren Walk<\/em><br \/>\n<em>* Archetypischer Walk<\/em><br \/>\n<em>* Symptome und Krankheiten Walk<\/em><br \/>\n<em>* Optionen Walk<\/em><br \/>\n<em>* Entscheidungen Walk <\/em><br \/>\n<em>* Walk der Elemente: mein h\u00f6heres Selbst, meine Authentizit\u00e4t, meine Sicherheit &#8211; Unsicherheit, meine blinden Flecken, mein Erfolg oder seine Absenz, mein Widerstand, der Zweck meines Lebens usw.<\/em><br \/>\n<em>* Walk von gleichen Rollen mit vielen Walks<\/em><br \/>\n<em>* Walk mit Fokus auf Traumata (neu)<\/em><br \/>\n<em>* Das Nachgespr\u00e4ch<\/em><\/p>\n<p align=\"justify\">&#8211; Im morphogenetischen Feld. Im Feld, in dem alle Informationen enthalten sind<br \/>\n&#8211; In der Wahrnehmung und dem Energielesen<br \/>\n&#8211; Im Vertrauen der auftauchenden Informationen<br \/>\n&#8211; In den Ordnungen der Liebe und des Helfens, wie sie uns Bert Hellinger geschenkt hat (sofern es zeitlich m\u00f6glich ist)<br \/>\n&#8211; In den Archetypen<br \/>\n&#8211; In den Dynamiken, der verschiedenen Bereichen und Prozessen. Pers\u00f6nlich und kollektiv<br \/>\n&#8211; In den Schatten, Widerst\u00e4nden und Herausforderungen, denen wir auf unserer Wanderung begegnen<br \/>\n&#8211; In den \u201eHerausforderungen\u201c w\u00e4hrend dem Leiten von Walks<br \/>\n&#8211; In den \u201eHerausforderungen\u201c der \u201eschwierigen\u201c Klient*innen<br \/>\n&#8211; In den Geschenken unseres Weges<br \/>\n&#8211; In den Geschenken und L\u00f6sungen, die du anbieten kannst<\/p>\n<p>[\/vc_column_text][\/vc_column][\/vc_row][vc_row][vc_column][vc_column_text css=&#8221;.vc_custom_1724339376724{margin-right: 10% !important;margin-left: 10% !important;background-image: url(https:\/\/walkinginyourshoes.ch\/wp-content\/uploads\/2024\/03\/Logo-\u03b3\u03b9\u03b1-Background-\u03a0\u03b9\u03c3\u03c4\u03bf\u03c0\u03bf\u03b9\u03b7\u03bc\u03ad\u03bd\u03b7-\u0395\u03ba\u03c0\u03b1\u03af\u03b4\u03b5\u03c5\u03c3\u03b7.jpg?id=3432) !important;background-position: center !important;background-repeat: no-repeat !important;background-size: cover !important;}&#8221;]<\/p>\n<h4 style=\"text-align: center;\" align=\"justify\"><strong>Im Ausbildungsjahr wirst du:<\/strong><\/h4>\n<p>&#8211; Die grundlegenden Prinzipien und Verfahren des Walking In Your Shoes\u00ae kennenlernen<br \/>\n&#8211; Lernen, deiner Intuition und Energieerkennung zu vertrauen<br \/>\n&#8211; Lernen, dich selbst als Leier*in zu vertrauen<br \/>\n&#8211; Verschiedene Arten von Walks leiten<br \/>\n&#8211; Deine pers\u00f6nlichen Anliegen walken<br \/>\n&#8211; Deine eigene, einzigartige, Arbeitsweise mit dieser Methode entdecken<br \/>\n&#8211; Lernen, wie du die Menschen und ihre Seele begleitest, die mit ihrem Anliegen zu dir kommen<br \/>\n&#8211; Die praktischen Prinzipien und Prozesse der Gruppendynamik und Gruppenarbeit lernen<br \/>\n&#8211; In der \u00dcbungs- und Vertiefungsgruppe zwischen den Ausbildungstagen \u00fcben<br \/>\n&#8211; Das gesamte Ausbildungsmaterial erhalten<\/p>\n<p>Jedes System und jede Methode sind ein lebendiger, sich st\u00e4ndig entwickelnder Organismus, der sich gemeinsam mit dem Leben entwickelt. Unsere Wanderung wird uns allen viele neue Erkenntnisse bieten.<\/p>\n<h5 style=\"text-align: center;\"><strong>An wen richtet die Ausbildung und welche Methoden kann sie begleiten &#8211; erg\u00e4nzen;<\/strong><\/h5>\n<p>\u2022 Therapeut*innen &#8211; Berater*innen f\u00fcr geistige und k\u00f6rperliche Gesundheit<br \/>\n\u2022 Alternative Therapeut*innen<br \/>\n\u2022 Sozialarbeiter*innen<br \/>\n\u2022 Fachkr\u00e4fte im Gesundheitswesen<br \/>\n\u2022 Fachkr\u00e4fte, die Menschen mit besonderen Bed\u00fcrfnissen, Patienten, \u00e4ltere Menschen usw. unterst\u00fctzen<br \/>\n\u2022 P\u00e4dagog*innen<br \/>\n\u2022K\u00fcnstler*innen: Schriftsteller*innen, Schauspieler*innen, Regisseur*innen, Interpret*innen usw.<br \/>\n\u2022 Personen, die ihren pers\u00f6nlichen Weg vertiefen m\u00f6chten<br \/>\n\u2022 Coaches, Beauftragte, Personen in Verantwortungspositionen<br \/>\n\u2022 Diejenigen, die erkennen, dass es Zeit f\u00fcr den n\u00e4chsten Schritt ist. Pers\u00f6nlich und kollektiv<\/p>\n<h4 style=\"text-align: center;\" align=\"justify\"><strong>Die Struktur der Walking In Your Shoes\u00ae Ausbildung<\/strong><\/h4>\n<p>W\u00e4hrend einem Jahr finden sechs intensive Ausbildungswochenenden statt. Circa all zwei Monate . Zwischen den Ausbildungswochenenden \u00fcbst du in der \u00dcbungsgruppe. Es gibt keine Abschlusspr\u00fcfung.<\/p>\n<p>Ich behalte mir das Recht vor, dir die Zertifizierung nicht abzugeben, falls ich feststelle, dass du nicht oder noch nicht bereit bist die Methode im Sinne der Richtlinien vom Walking In Your Shoes\u00ae Institut anzubieten. Es erfolgt, je nachdem, keine R\u00fcckerstattung deiner Investition.[\/vc_column_text][\/vc_column][\/vc_row][vc_row][vc_column][vc_column_text css=&#8221;.vc_custom_1723455825953{margin-right: 10% !important;margin-left: 10% !important;background-position: center !important;background-repeat: no-repeat !important;background-size: cover !important;}&#8221;]<\/p>\n<h5 style=\"text-align: center;\"><strong>Deine Teilnahme an der Walking In Your Shoes\u00ae Ausbildung setzt folgendes voraus:<\/strong><\/h5>\n<p>&#8211; Entweder deine vorherige Teilnahme an mindestens einem erlebnisorientierten Workshop<br \/>\n&#8211; Oder ein individuelles Treffen &#8211; Interview, bei dem deine W\u00fcnsche und deine Bed\u00fcrfnisse besprochen werden<\/p>\n<h5 style=\"text-align: center;\"><strong>W\u00e4hrend der Walking In Your Shoes\u00ae Ausbildung bist du aufgefordert:<\/strong><\/h5>\n<p>&#8211; Mindestens 90 % der Zeit anwesend zu sein, physisch oder online<br \/>\n&#8211; Deine physische Pr\u00e4senz, wenn m\u00f6glich, \u00fcber die Online-Pr\u00e4senz zu stellen<br \/>\n&#8211; Falls m\u00f6glich, eine \u00dcbungsgruppe zu gr\u00fcnden, in der du &#8211; zwischen den Ausbildungstagen &#8211; das Walking \u00fcbst oder<br \/>\n&#8211; Mit deinem Weggef\u00e4hrten der Ausbildung eine \u00dcbungsgruppe zu gr\u00fcnden<br \/>\n&#8211; Die von dir geleiteten Walks aufzuzeichnen und mir rechtzeitig zu \u00fcbermitteln<\/p>\n<p>F\u00fcr ein noch intensiveres \u00dcben und Vertiefung kannst du auch an meinen Workshops zu einem Sonderpreis teilnehmen.<\/p>\n<h5 style=\"text-align: center;\" align=\"justify\"><strong>Nach deinem erfolgreichen Abschluss:<\/strong><\/h5>\n<p align=\"justify\">&#8211; Erh\u00e4lts du vom Europ\u00e4ischen Walking In Your Shoes\u00ae die international anerkannte Walking In Your Shoes\u00ae Ausbildungszertifizierung und die Berechtigung, die offiziellen Logos und das Material zu benutzen.<br \/>\n&#8211; Dein erfolgreicher Abschluss der zertifizierten Walking In Your Shoes\u00ae Ausbildung macht dich zum, zur offiziellen WIYS\u00ae Leiter*in, anerkannt vom Walking In Your Shoes\u00ae Institut in der USA, dem Europ\u00e4ischen Walking In Your Shoes\u00ae Institut und dem Walking In Your Shoes\u00ae Institut Schweiz, und du hast die M\u00f6glichkeit, Workshops und Einzelsitzungen anzubieten, sowie \u00dcbungs- und Vertiefungsgruppen weltweit zu leiten.<br \/>\n&#8211; Du verpflichten dich, den Richtlinien von Walking In Your Shoes\u00ae zu folgen, die eine verantwortungsvolle, bewusste, respektvolle und qualitativ hochwertige Anwendung der Methode gew\u00e4hrleisten.<br \/>\n&#8211; Du verpflichten dich, an Supervisionen und Fortbildungen teilzunehmen, bei denen du deine Position im Prozess neu definierst, theoretisch, praktisch und energetisch auf dem Laufenden und dem neuesten Stand bleibst und Walks leitest &#8211; und dabei neue Erkenntnisse austauschen kannst<br \/>\n&#8211; Du hast die M\u00f6glichkeit, offizielles Mitglied <a href=\"https:\/\/www.wiys-institut.org\/index.php?id=1121&amp;L=1%2Fwp-login.php\"><strong>des Europ\u00e4ischen Walking In Your Shoes\u00ae-Instituts zu werden<\/strong><\/a><\/p>\n<p>Wenn du weitere Fragen \u00fcber die Walking In Your Shoes\u00ae Ausbildung hast und mehr Informationen w\u00fcnscht, oder, wenn du ein erstes kostenloses Telefon- oder Online-Meeting mit mir vereinbaren m\u00f6chtest, um uns kennenzulernen und alles zu besprechen kannst du mir entweder an keep@walkinginyourshoes.ch schreiben oder auf allen Apps (WhatsApp, Viber, Signal) und Kan\u00e4len der Social Media (Facebook und Instagram) oder mich einfach anrufen.<\/p>\n<p><em>Ich freue mich auf Dich! <\/em><br \/>\n<em>Ich freue mich auf Euch!!<\/em>[\/vc_column_text][\/vc_column][\/vc_row][vc_row css=&#8221;.vc_custom_1706980805604{margin-top: 20px !important;margin-right: 15% !important;margin-left: 15% !important;}&#8221;][vc_column][\/vc_column][\/vc_row][vc_row][vc_column][vc_empty_space height=&#8221;34px&#8221;][vc_btn title=&#8221;KONTAKT&#8221; color=&#8221;vista-blue&#8221; align=&#8221;center&#8221; link=&#8221;url:https%3A%2F%2Fwalkinginyourshoes.ch%2F%3Fpage_id%3D1093|title:%CE%95%CF%80%CE%B9%CE%BA%CE%BF%CE%B9%CE%BD%CF%89%CE%BD%CE%AF%CE%B1&#8243;][vc_empty_space height=&#8221;24px&#8221;][\/vc_column][\/vc_row]<\/p>\n","protected":false},"excerpt":{"rendered":"<p>[vc_row][vc_column][vc_single_image image=&#8221;3960&#8243; img_size=&#8221;full&#8221; alignment=&#8221;center&#8221;][vc_empty_space height=&#8221;40px&#8221;][vc_single_image image=&#8221;4007&#8243; img_size=&#8221;full&#8221; alignment=&#8221;center&#8221;][vc_empty_space height=&#8221;20px&#8221;][\/vc_column][\/vc_row][vc_row][vc_column][vc_column_text css=&#8221;.vc_custom_1723455413219{margin-right: 10% !important;margin-left: 10% !important;background-position: center !important;background-repeat: no-repeat !important;background-size: cover !important;}&#8221;]\u2022 M\u00f6chtest du in eine neue Richtung auf deinem Weg, deiner Gesundheit, deinem Leben, deinem Beruf und deiner Entwicklung gehen? \u2022 [&hellip;]<\/p>\n","protected":false},"author":2,"featured_media":0,"parent":0,"menu_order":0,"comment_status":"closed","ping_status":"closed","template":"full-width.php","meta":{"_price":"","_stock":"","_tribe_ticket_header":"","_tribe_default_ticket_provider":"","_tribe_ticket_capacity":"0","_ticket_start_date":"","_ticket_end_date":"","_tribe_ticket_show_description":"","_tribe_ticket_show_not_going":false,"_tribe_ticket_use_global_stock":"","_tribe_ticket_global_stock_level":"","_global_stock_mode":"","_global_stock_cap":"","_tribe_rsvp_for_event":"","_tribe_ticket_going_count":"","_tribe_ticket_not_going_count":"","_tribe_tickets_list":"[]","_tribe_ticket_has_attendee_info_fields":false,"footnotes":"","_tec_slr_enabled":"","_tec_slr_layout":""},"class_list":["post-2956","page","type-page","status-publish","hentry"],"yoast_head":"<!-- This site is optimized with the Yoast SEO plugin v26.2 - https:\/\/yoast.com\/wordpress\/plugins\/seo\/ -->\n<title>Die Ausbildung Walking In Your Shoes<\/title>\n<meta name=\"description\" content=\"Die zertifizierte Walking In Your Shoes\u00ae Ausbildung ist nicht nur eine umfassende Ausbildung, die den theoretischen Ansatz und vor allem die praktische Erfahrung bei Walken, Leiten und beim Beobachten kombiniert. Sie ist eine Reise. Eine Wanderung. In uns selbst. In die tieferen Ebenen der Seele und des Lebens. Zu den universellen Kr\u00e4ften und Gesetzm\u00e4ssigkeiten. Und zu ihrer Manifestation. In unserer Welt und in unseren Leben. Unser Tor daf\u00fcr sind unser K\u00f6rper, unsere Sinne und Empfindungen.\" \/>\n<meta name=\"robots\" content=\"index, follow, max-snippet:-1, max-image-preview:large, max-video-preview:-1\" \/>\n<link rel=\"canonical\" href=\"https:\/\/walkinginyourshoes.ch\/?page_id=2956\" \/>\n<meta property=\"og:locale\" content=\"el_GR\" \/>\n<meta property=\"og:type\" content=\"article\" \/>\n<meta property=\"og:title\" content=\"Die Ausbildung Walking In Your Shoes\" \/>\n<meta property=\"og:description\" content=\"Die zertifizierte Walking In Your Shoes\u00ae Ausbildung ist nicht nur eine umfassende Ausbildung, die den theoretischen Ansatz und vor allem die praktische Erfahrung bei Walken, Leiten und beim Beobachten kombiniert. Sie ist eine Reise. Eine Wanderung. In uns selbst. In die tieferen Ebenen der Seele und des Lebens. Zu den universellen Kr\u00e4ften und Gesetzm\u00e4ssigkeiten. Und zu ihrer Manifestation. In unserer Welt und in unseren Leben. Unser Tor daf\u00fcr sind unser K\u00f6rper, unsere Sinne und Empfindungen.\" \/>\n<meta property=\"og:url\" content=\"https:\/\/walkinginyourshoes.ch\/?page_id=2956\" \/>\n<meta property=\"og:site_name\" content=\"Walking in your shoes\" \/>\n<meta property=\"article:modified_time\" content=\"2024-08-22T15:09:38+00:00\" \/>\n<meta name=\"twitter:card\" content=\"summary_large_image\" \/>\n<meta name=\"twitter:label1\" content=\"\u0395\u03ba\u03c4\u03b9\u03bc\u03ce\u03bc\u03b5\u03bd\u03bf\u03c2 \u03c7\u03c1\u03cc\u03bd\u03bf\u03c2 \u03b1\u03bd\u03ac\u03b3\u03bd\u03c9\u03c3\u03b7\u03c2\" \/>\n\t<meta name=\"twitter:data1\" content=\"8 \u03bb\u03b5\u03c0\u03c4\u03ac\" \/>\n<script type=\"application\/ld+json\" class=\"yoast-schema-graph\">{\"@context\":\"https:\/\/schema.org\",\"@graph\":[{\"@type\":\"WebPage\",\"@id\":\"https:\/\/walkinginyourshoes.ch\/?page_id=2956\",\"url\":\"https:\/\/walkinginyourshoes.ch\/?page_id=2956\",\"name\":\"Die Ausbildung Walking In Your Shoes\",\"isPartOf\":{\"@id\":\"https:\/\/walkinginyourshoes.ch\/#website\"},\"datePublished\":\"2023-12-25T10:20:37+00:00\",\"dateModified\":\"2024-08-22T15:09:38+00:00\",\"description\":\"Die zertifizierte Walking In Your Shoes\u00ae Ausbildung ist nicht nur eine umfassende Ausbildung, die den theoretischen Ansatz und vor allem die praktische Erfahrung bei Walken, Leiten und beim Beobachten kombiniert. Sie ist eine Reise. Eine Wanderung. In uns selbst. In die tieferen Ebenen der Seele und des Lebens. Zu den universellen Kr\u00e4ften und Gesetzm\u00e4ssigkeiten. Und zu ihrer Manifestation. In unserer Welt und in unseren Leben. Unser Tor daf\u00fcr sind unser K\u00f6rper, unsere Sinne und Empfindungen.\",\"breadcrumb\":{\"@id\":\"https:\/\/walkinginyourshoes.ch\/?page_id=2956#breadcrumb\"},\"inLanguage\":\"el\",\"potentialAction\":[{\"@type\":\"ReadAction\",\"target\":[\"https:\/\/walkinginyourshoes.ch\/?page_id=2956\"]}]},{\"@type\":\"BreadcrumbList\",\"@id\":\"https:\/\/walkinginyourshoes.ch\/?page_id=2956#breadcrumb\",\"itemListElement\":[{\"@type\":\"ListItem\",\"position\":1,\"name\":\"\u0391\u03c1\u03c7\u03b9\u03ba\u03ae\",\"item\":\"https:\/\/walkinginyourshoes.ch\/\"},{\"@type\":\"ListItem\",\"position\":2,\"name\":\"Die Ausbildung Walking In Your Shoes\"}]},{\"@type\":\"WebSite\",\"@id\":\"https:\/\/walkinginyourshoes.ch\/#website\",\"url\":\"https:\/\/walkinginyourshoes.ch\/\",\"name\":\"Walking in your shoes\",\"description\":\"ph\u00e4nomenologische Selbsterfahrungsmethode\",\"potentialAction\":[{\"@type\":\"SearchAction\",\"target\":{\"@type\":\"EntryPoint\",\"urlTemplate\":\"https:\/\/walkinginyourshoes.ch\/?s={search_term_string}\"},\"query-input\":{\"@type\":\"PropertyValueSpecification\",\"valueRequired\":true,\"valueName\":\"search_term_string\"}}],\"inLanguage\":\"el\"}]}<\/script>\n<!-- \/ Yoast SEO plugin. -->","yoast_head_json":{"title":"Die Ausbildung Walking In Your Shoes","description":"Die zertifizierte Walking In Your Shoes\u00ae Ausbildung ist nicht nur eine umfassende Ausbildung, die den theoretischen Ansatz und vor allem die praktische Erfahrung bei Walken, Leiten und beim Beobachten kombiniert. Sie ist eine Reise. Eine Wanderung. In uns selbst. In die tieferen Ebenen der Seele und des Lebens. Zu den universellen Kr\u00e4ften und Gesetzm\u00e4ssigkeiten. Und zu ihrer Manifestation. In unserer Welt und in unseren Leben. Unser Tor daf\u00fcr sind unser K\u00f6rper, unsere Sinne und Empfindungen.","robots":{"index":"index","follow":"follow","max-snippet":"max-snippet:-1","max-image-preview":"max-image-preview:large","max-video-preview":"max-video-preview:-1"},"canonical":"https:\/\/walkinginyourshoes.ch\/?page_id=2956","og_locale":"el_GR","og_type":"article","og_title":"Die Ausbildung Walking In Your Shoes","og_description":"Die zertifizierte Walking In Your Shoes\u00ae Ausbildung ist nicht nur eine umfassende Ausbildung, die den theoretischen Ansatz und vor allem die praktische Erfahrung bei Walken, Leiten und beim Beobachten kombiniert. Sie ist eine Reise. Eine Wanderung. In uns selbst. In die tieferen Ebenen der Seele und des Lebens. Zu den universellen Kr\u00e4ften und Gesetzm\u00e4ssigkeiten. Und zu ihrer Manifestation. In unserer Welt und in unseren Leben. Unser Tor daf\u00fcr sind unser K\u00f6rper, unsere Sinne und Empfindungen.","og_url":"https:\/\/walkinginyourshoes.ch\/?page_id=2956","og_site_name":"Walking in your shoes","article_modified_time":"2024-08-22T15:09:38+00:00","twitter_card":"summary_large_image","twitter_misc":{"\u0395\u03ba\u03c4\u03b9\u03bc\u03ce\u03bc\u03b5\u03bd\u03bf\u03c2 \u03c7\u03c1\u03cc\u03bd\u03bf\u03c2 \u03b1\u03bd\u03ac\u03b3\u03bd\u03c9\u03c3\u03b7\u03c2":"8 \u03bb\u03b5\u03c0\u03c4\u03ac"},"schema":{"@context":"https:\/\/schema.org","@graph":[{"@type":"WebPage","@id":"https:\/\/walkinginyourshoes.ch\/?page_id=2956","url":"https:\/\/walkinginyourshoes.ch\/?page_id=2956","name":"Die Ausbildung Walking In Your Shoes","isPartOf":{"@id":"https:\/\/walkinginyourshoes.ch\/#website"},"datePublished":"2023-12-25T10:20:37+00:00","dateModified":"2024-08-22T15:09:38+00:00","description":"Die zertifizierte Walking In Your Shoes\u00ae Ausbildung ist nicht nur eine umfassende Ausbildung, die den theoretischen Ansatz und vor allem die praktische Erfahrung bei Walken, Leiten und beim Beobachten kombiniert. Sie ist eine Reise. Eine Wanderung. In uns selbst. In die tieferen Ebenen der Seele und des Lebens. Zu den universellen Kr\u00e4ften und Gesetzm\u00e4ssigkeiten. Und zu ihrer Manifestation. In unserer Welt und in unseren Leben. Unser Tor daf\u00fcr sind unser K\u00f6rper, unsere Sinne und Empfindungen.","breadcrumb":{"@id":"https:\/\/walkinginyourshoes.ch\/?page_id=2956#breadcrumb"},"inLanguage":"el","potentialAction":[{"@type":"ReadAction","target":["https:\/\/walkinginyourshoes.ch\/?page_id=2956"]}]},{"@type":"BreadcrumbList","@id":"https:\/\/walkinginyourshoes.ch\/?page_id=2956#breadcrumb","itemListElement":[{"@type":"ListItem","position":1,"name":"\u0391\u03c1\u03c7\u03b9\u03ba\u03ae","item":"https:\/\/walkinginyourshoes.ch\/"},{"@type":"ListItem","position":2,"name":"Die Ausbildung Walking In Your Shoes"}]},{"@type":"WebSite","@id":"https:\/\/walkinginyourshoes.ch\/#website","url":"https:\/\/walkinginyourshoes.ch\/","name":"Walking in your shoes","description":"ph\u00e4nomenologische Selbsterfahrungsmethode","potentialAction":[{"@type":"SearchAction","target":{"@type":"EntryPoint","urlTemplate":"https:\/\/walkinginyourshoes.ch\/?s={search_term_string}"},"query-input":{"@type":"PropertyValueSpecification","valueRequired":true,"valueName":"search_term_string"}}],"inLanguage":"el"}]}},"ticketed":false,"_links":{"self":[{"href":"https:\/\/walkinginyourshoes.ch\/index.php?rest_route=\/wp\/v2\/pages\/2956","targetHints":{"allow":["GET"]}}],"collection":[{"href":"https:\/\/walkinginyourshoes.ch\/index.php?rest_route=\/wp\/v2\/pages"}],"about":[{"href":"https:\/\/walkinginyourshoes.ch\/index.php?rest_route=\/wp\/v2\/types\/page"}],"author":[{"embeddable":true,"href":"https:\/\/walkinginyourshoes.ch\/index.php?rest_route=\/wp\/v2\/users\/2"}],"replies":[{"embeddable":true,"href":"https:\/\/walkinginyourshoes.ch\/index.php?rest_route=%2Fwp%2Fv2%2Fcomments&post=2956"}],"version-history":[{"count":79,"href":"https:\/\/walkinginyourshoes.ch\/index.php?rest_route=\/wp\/v2\/pages\/2956\/revisions"}],"predecessor-version":[{"id":4106,"href":"https:\/\/walkinginyourshoes.ch\/index.php?rest_route=\/wp\/v2\/pages\/2956\/revisions\/4106"}],"wp:attachment":[{"href":"https:\/\/walkinginyourshoes.ch\/index.php?rest_route=%2Fwp%2Fv2%2Fmedia&parent=2956"}],"curies":[{"name":"wp","href":"https:\/\/api.w.org\/{rel}","templated":true}]}}